{"id":397,"date":"2023-11-02T11:14:35","date_gmt":"2023-11-02T10:14:35","guid":{"rendered":"https:\/\/verticalmusgo.proyectos-piano.es\/?page_id=397"},"modified":"2023-11-02T12:06:42","modified_gmt":"2023-11-02T11:06:42","slug":"aviso-legal","status":"publish","type":"page","link":"https:\/\/verticalmusgo.proyectos-piano.es\/index.php\/aviso-legal\/","title":{"rendered":"Aviso Legal"},"content":{"rendered":"<p>[et_pb_section fb_built=\u00bb1&#8243; _builder_version=\u00bb4.22.2&#8243; _module_preset=\u00bbdefault\u00bb global_colors_info=\u00bb{}\u00bb][et_pb_row _builder_version=\u00bb4.22.2&#8243; _module_preset=\u00bbdefault\u00bb global_colors_info=\u00bb{}\u00bb][et_pb_column type=\u00bb4_4&#8243; _builder_version=\u00bb4.22.2&#8243; _module_preset=\u00bbdefault\u00bb global_colors_info=\u00bb{}\u00bb][et_pb_text _builder_version=\u00bb4.22.2&#8243; _module_preset=\u00bbdefault\u00bb hover_enabled=\u00bb0&#8243; global_colors_info=\u00bb{}\u00bb sticky_enabled=\u00bb0&#8243;]<\/p>\n<h1 class=\"entry-title main_title\"><\/h1>\n<h1 class=\"entry-title main_title\">Aviso Legal<\/h1>\n<div class=\"entry-content\">\n<p>El presente Aviso Legal regula el uso de la presente p\u00e1gina web, creada por<strong> DECORACESPED S.L.<\/strong><\/p>\n<p>El hecho de acceder a este sitio web implica el conocimiento y aceptaci\u00f3n de los siguientes t\u00e9rminos y condiciones y atribuye la condici\u00f3n del usuario del portal y el acceso al mismo implica su aceptaci\u00f3n sin reservas. En caso de no aceptar las cl\u00e1usulas establecidas en el presente Aviso Legal, el usuario deber\u00e1 abstenerse de acceder y\/o utilizar los servicios y\/o contenidos puestos a su disposici\u00f3n en la p\u00e1gina, procediendo a abandonar la misma.<\/p>\n<p>&nbsp;<\/p>\n<h4 class=\"wp-block-heading\"><strong>1. TITULARIDAD DEL SITIO WEB<\/strong><\/h4>\n<p>El nombre del dominio\u00a0<strong>www.verticalmusgo.com<span>\u00a0<\/span><\/strong>est\u00e1 registrado a favor de <strong>DECORACESPED S.L.<\/strong>, con CIF n\u00ba\u00a0<strong>B19502863<\/strong>, domiciliada en<span> <\/span><strong>Calle Vistillas de los Angeles, 4, Granada, 18009, Granada.<\/strong><\/p>\n<p>El tel\u00e9fono de atenci\u00f3n al p\u00fablico es el <span class=\"w8qArf\"><span>\u00a0<\/span><\/span><span><span class=\"LrzXr zdqRlf kno-fv\"><a data-dtype=\"d3ph\" data-local-attribute=\"d3ph\" jscontroller=\"LWZElb\" href=\"https:\/\/www.google.com\/search?q=decoracesped+sl&amp;rlz=1C1CHBF_esES891ES891&amp;oq=decor&amp;gs_lcrp=EgZjaHJvbWUqCAgAEEUYJxg7MggIABBFGCcYOzILCAEQRRgnGDsYigUyBggCEEUYQDIGCAMQRRg5MgYIBBBFGDsyBggFEEUYPDIGCAYQRRg8MgYIBxBFGD3SAQc4ODlqMGo3qAIAsAIA&amp;sourceid=chrome&amp;ie=UTF-8#\" jsdata=\"QKGTRc;_;CG3WHE\" jsaction=\"rcuQ6b:npT2md;F75qrd\" data-ved=\"2ahUKEwjHgP3fkaWCAxWTRaQEHQwZA_IQkAgoAHoECDwQAw\"><span aria-label=\"Llamar al n\u00famero de tel\u00e9fono 692 99 82 90\">692 99 82 90<\/span><\/a><\/span><\/span> y el buz\u00f3n de correo electr\u00f3nico general es<span> <a href=\"mailto:info@decoracesped.com\">info@decoracesped.com<\/a><\/span><\/p>\n<p><strong><\/strong><\/p>\n<h4 class=\"wp-block-heading\"><strong>2. T\u00c9RMINOS Y CONDICIONES<\/strong><\/h4>\n<p>Los contenidos y servicios incluidos y ofrecidos en este sitio web, no est\u00e1n dirigidos a aquellas personas residentes en aquellas jurisdicciones donde no se encuentren autorizados. \u00danicamente se encuentran comprendidas en el presente sitio web aquellas p\u00e1ginas que figuren dentro del mapa del sitio web. El usuario accede voluntariamente a este sitio web. El acceso y navegaci\u00f3n en este sitio web implica aceptar y conocer las advertencias legales, condiciones y t\u00e9rminos de uso contenidos en ella. El mero acceso no implica el establecimiento de ning\u00fan tipo de relaci\u00f3n comercial entre<span> <strong>DECORACESPED S.L.<\/strong><\/span>\u00a0y el usuario del portal.<\/p>\n<p>El Aviso Legal y\/o las Condiciones del Servicio de<span> <strong>DECORACESPED S.L.<\/strong><\/span>, establecidas para los servicios prestados a trav\u00e9s del presente sitio web, podr\u00e1n sufrir modificaciones de cualquier tipo, cuando<span> <strong>DECORACESPED S.L.<\/strong><\/span>\u00a0lo considere oportuno o con la finalidad de adecuarse a los cambios legislativos y tecnol\u00f3gicos futuros. Estas modificaciones ser\u00e1n notificadas convenientemente, siendo v\u00e1lidas desde su publicaci\u00f3n en este sitio web, salvo manifestaci\u00f3n en contrario. En consecuencia, el usuario debe leer atentamente el presente Aviso Legal en cada una de las ocasiones en que se proponga utilizar el Portal, ya que aqu\u00e9l puede sufrir modificaciones.<\/p>\n<p>&nbsp;<\/p>\n<h4 class=\"wp-block-heading\"><strong>3. OBJETO DE LA WEB<\/strong><\/h4>\n<p>La web de<span> <strong>DECORACESPED S.L.<\/strong><\/span>, tiene como objetivo dar a conocer sus productos y ofrece determinados servicios a los usuarios, sometidos a los t\u00e9rminos y condiciones indicados en el presente sitio web, debiendo el usuario leer con atenci\u00f3n las condiciones que se apliquen a cada servicio, que en ning\u00fan caso eximir\u00e1n, salvo manifestaci\u00f3n expresa en contrario, del cumplimiento de lo expresado en el Aviso Legal.<\/p>\n<p>&nbsp;<\/p>\n<h4 class=\"wp-block-heading\"><strong>4. CONTENIDOS<\/strong><\/h4>\n<p><strong>DECORACESPED S.L.<\/strong>, realiza los m\u00e1ximos esfuerzos para evitar errores en los contenidos que se publican en el sitio web. Todos los contenidos que se ofrecen a trav\u00e9s del sitio web del que<span> <strong>DECORACESPED S.L.<\/strong><\/span><span>\u00a0<\/span>es titular o responsable se encuentran actualizados, reserv\u00e1ndose<span> <strong>DECORACESPED S.L.<\/strong><\/span><span>\u00a0<\/span>la facultad de poder modificarlos en cualquier momento.<span> <strong>DECORACESPED S.L.<\/strong><\/span>, no se responsabiliza de las consecuencias que puedan derivarse de los errores en los contenidos que puedan aparecer en estos sitios web proporcionados o publicados.<\/p>\n<p>Asimismo queda prohibida la inclusi\u00f3n y comunicaci\u00f3n de contenidos, por parte de los usuarios, que sean falsos o inexactos y que induzcan o puedan inducir a error al resto de usuarios o al personal de<span>\u00a0<\/span><strong>DECORACESPED S.L.<\/strong>, en particular los contenidos que se encuentren protegidos por cualesquiera derechos de propiedad intelectual o industrial, pertenecientes a terceras personas, cuando no cuenten con la autorizaci\u00f3n del titular de los derechos, menoscaben o desprestigien la fama o cr\u00e9dito de <span><\/span><strong>DECORACESPED S.L.<\/strong><span><\/span>, o sean considerados como un caso de publicidad il\u00edcita, enga\u00f1osa o desleal.<\/p>\n<p><span><strong>DECORACESPED S.L.<\/strong> <\/span>no garantiza la veracidad, exactitud, exhaustividad y actualidad de los Contenidos<span> <strong>DECORACESPED S.L.<\/strong><\/span>\u00a0excluye, con toda la extensi\u00f3n permitida por el ordenamiento jur\u00eddico, cualquier responsabilidad por los da\u00f1os y perjuicios de toda naturaleza que puedan deberse a la falta de veracidad, exactitud, exhaustividad y\/o actualidad de los contenidos.<\/p>\n<p>&nbsp;<\/p>\n<h4 class=\"wp-block-heading\"><strong>5. LIMITACI\u00d3N DE RESPONSABILIDAD<\/strong><\/h4>\n<p><strong>DECORACESPED S.L.<\/strong>, no garantiza la ausencia de virus u otros elementos que pudieran causar da\u00f1os en los sistemas inform\u00e1ticos, en los documentos electr\u00f3nicos o en los ficheros de usuario de este sitio web, por lo que no se responsabiliza de los perjuicios que se pudieran producir por estas causas.<\/p>\n<p><strong>DECORACESPED S.L.<\/strong>, no se responsabiliza del mal uso que Ud. pueda hacer de este sitio web.<\/p>\n<p>El presente Aviso Legal es aplicable \u00fanicamente a la informaci\u00f3n recogida a trav\u00e9s del sitio web de<span> <strong>DECORACESPED S.L.<\/strong><\/span>.<\/p>\n<p><span><strong>DECORACESPED S.L.<\/strong> <\/span>no tiene obligaci\u00f3n de controlar y no controla la utilizaci\u00f3n que los usuarios hacen del Portal y de los Contenidos. En particular,<span> <strong>DECORACESPED S.L.<\/strong><\/span><span>\u00a0<\/span>no garantiza que los usuarios utilicen el Portal y los Contenidos de conformidad con el presente Aviso Legal, ni que lo hagan de forma diligente y prudente.<span> <strong>DECORACESPED S.L.<\/strong><\/span>\u00a0tampoco tiene la obligaci\u00f3n de verificar y no verifica la identidad de los usuarios, ni la veracidad, vigencia, exhaustividad y\/o autenticidad de los datos que los Usuarios proporcionan sobre s\u00ed mismos.<\/p>\n<p>&nbsp;<\/p>\n<h4 class=\"wp-block-heading\"><strong>6. PROPIEDAD INTELECTUAL E INDUSTRIAL<\/strong><\/h4>\n<p>Este sitio web y los contenidos que alberga se encuentran protegidos por la legislaci\u00f3n vigente en materia de propiedad intelectual. Se proh\u00edbe la modificaci\u00f3n, copia, reproducci\u00f3n, descarga, transmisi\u00f3n, distribuci\u00f3n o transformaci\u00f3n de los contenidos del Portal, si no se tiene la autorizaci\u00f3n del titular de los correspondientes derechos o se encuentra legalmente permitido. El acceso al sitio web no supone en ning\u00fan caso adquisici\u00f3n por parte de los usuarios de derecho de propiedad alguno sobre los contenidos que figuran en el mismo.<\/p>\n<p>Las referencias a marcas comerciales o marcas registradas o signos distintivos titularidad de<span> <strong>DECORACESPED S.L.<\/strong><\/span><span>\u00a0<\/span>llevan impl\u00edcitas la prohibici\u00f3n sobre su uso sin el consentimiento de<span> <strong>DECORACESPED S.L.<\/strong><\/span>.<\/p>\n<p>En ning\u00fan momento, salvo manifestaci\u00f3n expresa, el acceso o uso del Portal y\/o de sus contenidos, confiere al usuario derecho alguno sobre las marcas, logos, y\/o signos distintivos en \u00e9l incluidos protegidos por Ley.<\/p>\n<p>El Usuario se compromete a utilizar los contenidos puestos a disposici\u00f3n de los Usuarios en el Portal, entendiendo por \u00e9stos, sin que esta enumeraci\u00f3n tenga car\u00e1cter limitativo, los textos, fotograf\u00edas, gr\u00e1ficos, im\u00e1genes, iconos, tecnolog\u00eda, y dem\u00e1s contenidos audiovisuales o sonoros si los hubiera, as\u00ed como su dise\u00f1o gr\u00e1fico y c\u00f3digos fuente (en adelante, los \u00abContenidos\u00bb), de conformidad con la ley, el presente Aviso Legal y dem\u00e1s avisos, reglamentos de uso e instrucciones puestos en su conocimiento, as\u00ed como con la moral y las buenas costumbres generalmente aceptadas y el orden p\u00fablico, y en particular, se compromete a abstenerse de:<\/p>\n<p>a) Reproducir, copiar, distribuir, poner a disposici\u00f3n o de cualquier otra forma comunicar p\u00fablicamente, transformar o modificar los Contenidos, a menos que se cuente con la autorizaci\u00f3n del titular de los correspondientes derechos o ello resulte legalmente permitido.<\/p>\n<p>b) Suprimir, manipular o de cualquier forma alterar el \u00abcopyright\u00bb y dem\u00e1s datos identificativos de la reserva de derechos de<span> <strong>DECORACESPED S.L.<\/strong><\/span><span>\u00a0<\/span>o de sus titulares, de las huellas digitales o de cualesquiera otros medios t\u00e9cnicos establecidos para su reconocimiento.<\/p>\n<p>El Usuario deber\u00e1 abstenerse de obtener e incluso de intentar obtener los Contenidos empleando para ello medios o procedimientos distintos de los que, seg\u00fan los casos, se hayan puesto a su disposici\u00f3n a este efecto o se hayan indicado a este efecto en las p\u00e1ginas web donde se encuentren los Contenidos o, en general, de los que se empleen habitualmente en Internet a este efecto siempre que no entra\u00f1en un riesgo de da\u00f1o o inutilizaci\u00f3n del Portal, de los Servicios y\/o de los Contenidos.<\/p>\n<p>&nbsp;<\/p>\n<h4 class=\"wp-block-heading\"><strong>7. NAVEGACI\u00d3N Y SEGURIDAD<\/strong><\/h4>\n<p><strong>DECORACESPED S.L.<\/strong>, realiza los m\u00e1ximos esfuerzos para garantizar que la navegaci\u00f3n a trav\u00e9s de este sitio web se realice en las mejores condiciones. Para la \u00f3ptima visualizaci\u00f3n de este sitio web ser\u00eda conveniente disponer de una versi\u00f3n actualizada de su navegador, y para una correcta visualizaci\u00f3n se recomienda una resoluci\u00f3n de 1024x 768.<\/p>\n<p><span><strong>DECORACESPED S.L.<\/strong> <\/span>no garantiza, ni se responsabiliza de que el acceso a este sitio web sea interrumpido o se encuentre libre de error. En ning\u00fan caso<span> <strong>DECORACESPED S.L.<\/strong><\/span>, ser\u00e1 responsable por los perjuicios de cualquier tipo que surjan por el acceso y el uso de este sitio web.<\/p>\n<p>El uso de los servicios ofrecidos en el presente sitio web por menores de edad tiene que haber sido previamente autorizado por sus padres, tutores o representantes legales, ya que tienen la consideraci\u00f3n de responsables de los actos que realicen los menores a su cargo.<\/p>\n<p>Este website puede contener dispositivos t\u00e9cnicos\u00a0 de enlace\/s a p\u00e1ginas externas sobre las cuales<span> <strong>DECORACESPED S.L.<\/strong><\/span>\u00a0no se responsabiliza en ning\u00fan caso ni de los contenidos ni de cualquier otro aspecto relacionado con dichas p\u00e1ginas o su acceso.<\/p>\n<p>El sitio Web de<span> <strong>DECORACESPED S.L.<\/strong><\/span>\u00a0utiliza cookies (peque\u00f1os archivos de informaci\u00f3n que el servidor env\u00eda al ordenador de quien accede a la p\u00e1gina) en la medida imprescindible para el correcto funcionamiento y visualizaci\u00f3n del sitio Web por parte del usuario.<\/p>\n<p>Las cookies utilizadas en el sitio web tienen, en todo caso, car\u00e1cter temporal y desaparecen al terminar la sesi\u00f3n del usuario. En ning\u00fan caso se utilizar\u00e1n las cookies para recoger informaci\u00f3n de car\u00e1cter personal.<\/p>\n<p>&nbsp;<\/p>\n<p>&nbsp;<\/p>\n<h4 class=\"wp-block-heading\"><strong>8. POL\u00cdTICA DE PRIVACIDAD Y PROTECCI\u00d3N DE DATOS<\/strong><\/h4>\n<p>De conformidad con lo previsto en la Ley Org\u00e1nica 15\/1999 de Protecci\u00f3n de Datos de Car\u00e1cter Personal<span> <strong>DECORACESPED S.L.<\/strong><\/span>\u00a0desea informar a los usuarios de la p\u00e1gina lo siguiente:<\/p>\n<p>\u2013 Los datos de car\u00e1cter personal facilitados a<span> <strong>DECORACESPED S.L.<\/strong><\/span>\u00a0haciendo uso de los servicios de la p\u00e1gina se incorporar\u00e1n a ficheros de su titularidad registrados en la Agencia Espa\u00f1ola de Protecci\u00f3n de Datos y que dispone de las medidas de \u00edndole t\u00e9cnica y organizativas necesarias para garantizar la seguridad de los datos de car\u00e1cter personal contenidos en los ficheros, para evitar su alteraci\u00f3n, p\u00e9rdida, tratamiento o acceso no autorizado, habida cuenta del estado de la tecnolog\u00eda, la naturaleza de los datos y los riesgos a los que est\u00e1n expuestos.<\/p>\n<p>\u2013 Se garantiza el ejercicio de los derechos de acceso, rectificaci\u00f3n, cancelaci\u00f3n y oposici\u00f3n sobre sus datos personales comunic\u00e1ndolo por escrito a la direcci\u00f3n de<span> <strong>DECORACESPED S.L.<\/strong><\/span><strong>,\u00a0<\/strong>ubicada en<span> <\/span><strong>Calle Visitillas de los Angeles, 4, Granada, 18009, Granada.<\/strong><strong>,\u00a0<\/strong>o v\u00eda email\u00a0<strong><a href=\"mailto:info@asesoresgmg.es\">info@decoracesped.com<\/a><\/strong><\/p>\n<p>\u2013 El usuario ser\u00e1 el \u00fanico responsable de la veracidad de los datos facilitados a<span> <strong>DECORACESPED S.L.<\/strong><\/span>\u00a0y garantiza la obtenci\u00f3n del consentimiento de terceros en los casos previstos en el Aviso Legal de la p\u00e1gina y en esta Pol\u00edtica de Privacidad.<\/p>\n<p>\u2013 La navegaci\u00f3n por la p\u00e1gina deja como rastro la fecha y hora de la \u00faltima visita, dise\u00f1o de contenidos que el usuario escogi\u00f3 en su primera visita a nuestra p\u00e1gina, elementos de seguridad que intervienen en el control de acceso a las \u00e1reas restringidas, direcci\u00f3n IP asignada por su proveedor de servicios de internet y nombre de dominio desde el que accedi\u00f3 a la p\u00e1gina. Estos datos \u00fanicamente ser\u00e1n utilizados con la finalidad de elaborar datos estad\u00edsticos de la p\u00e1gina.<\/p>\n<p>&nbsp;<\/p>\n<h4 class=\"wp-block-heading\"><strong>9. LEGISLACI\u00d3N APLICABLE Y TRIBUNALES COMPETENTES<\/strong><\/h4>\n<p>Los t\u00e9rminos y condiciones que rigen este web site, as\u00ed como las relaciones que pudieran derivarse est\u00e1n protegidas y quedan sujetas a la legislaci\u00f3n espa\u00f1ola.<\/p>\n<p>Para la resoluci\u00f3n de cualquier tipo de controversia, litigio o discrepancia que pudiera suscitarse entre el usuario y\u00a0<span> <strong>DECORACESPED S.L.<\/strong><\/span>, por el uso de este sitio web, se acuerda el sometimiento de las mismas a los Juzgados y Tribunales de\u00a0<strong>Granada<\/strong>, Espa\u00f1a.<\/p>\n<\/div>\n<p>[\/et_pb_text][\/et_pb_column][\/et_pb_row][\/et_pb_section]<\/p>\n","protected":false},"excerpt":{"rendered":"<p>Aviso Legal El presente Aviso Legal regula el uso de la presente p\u00e1gina web, creada por DECORACESPED S.L. El hecho de acceder a este sitio web implica el conocimiento y aceptaci\u00f3n de los siguientes t\u00e9rminos y condiciones y atribuye la condici\u00f3n del usuario del portal y el acceso al mismo implica su aceptaci\u00f3n sin reservas. [&hellip;]<\/p>\n","protected":false},"author":1,"featured_media":0,"parent":0,"menu_order":0,"comment_status":"closed","ping_status":"closed","template":"","meta":{"_et_pb_use_builder":"on","_et_pb_old_content":"","_et_gb_content_width":"","footnotes":""},"class_list":["post-397","page","type-page","status-publish","hentry"],"yoast_head":"<!-- This site is optimized with the Yoast SEO plugin v21.2 - https:\/\/yoast.com\/wordpress\/plugins\/seo\/ -->\n<title>Aviso Legal - Vertical &amp; Musgo<\/title>\n<meta name=\"robots\" content=\"noindex, follow, max-snippet:-1, max-image-preview:large, max-video-preview:-1\" \/>\n<meta property=\"og:locale\" content=\"es_ES\" \/>\n<meta property=\"og:type\" content=\"article\" \/>\n<meta property=\"og:title\" content=\"Aviso Legal - Vertical &amp; Musgo\" \/>\n<meta property=\"og:description\" content=\"Aviso Legal El presente Aviso Legal regula el uso de la presente p\u00e1gina web, creada por DECORACESPED S.L. El hecho de acceder a este sitio web implica el conocimiento y aceptaci\u00f3n de los siguientes t\u00e9rminos y condiciones y atribuye la condici\u00f3n del usuario del portal y el acceso al mismo implica su aceptaci\u00f3n sin reservas. [&hellip;]\" \/>\n<meta property=\"og:url\" content=\"https:\/\/verticalmusgo.proyectos-piano.es\/index.php\/aviso-legal\/\" \/>\n<meta property=\"og:site_name\" content=\"Vertical &amp; Musgo\" \/>\n<meta property=\"article:modified_time\" content=\"2023-11-02T11:06:42+00:00\" \/>\n<meta name=\"twitter:card\" content=\"summary_large_image\" \/>\n<meta name=\"twitter:label1\" content=\"Tiempo de lectura\" \/>\n\t<meta name=\"twitter:data1\" content=\"9 minutos\" \/>\n<script type=\"application\/ld+json\" class=\"yoast-schema-graph\">{\"@context\":\"https:\/\/schema.org\",\"@graph\":[{\"@type\":\"WebPage\",\"@id\":\"https:\/\/verticalmusgo.proyectos-piano.es\/index.php\/aviso-legal\/\",\"url\":\"https:\/\/verticalmusgo.proyectos-piano.es\/index.php\/aviso-legal\/\",\"name\":\"Aviso Legal - Vertical &amp; Musgo\",\"isPartOf\":{\"@id\":\"https:\/\/verticalmusgo.proyectos-piano.es\/#website\"},\"datePublished\":\"2023-11-02T10:14:35+00:00\",\"dateModified\":\"2023-11-02T11:06:42+00:00\",\"breadcrumb\":{\"@id\":\"https:\/\/verticalmusgo.proyectos-piano.es\/index.php\/aviso-legal\/#breadcrumb\"},\"inLanguage\":\"es\",\"potentialAction\":[{\"@type\":\"ReadAction\",\"target\":[\"https:\/\/verticalmusgo.proyectos-piano.es\/index.php\/aviso-legal\/\"]}]},{\"@type\":\"BreadcrumbList\",\"@id\":\"https:\/\/verticalmusgo.proyectos-piano.es\/index.php\/aviso-legal\/#breadcrumb\",\"itemListElement\":[{\"@type\":\"ListItem\",\"position\":1,\"name\":\"Portada\",\"item\":\"https:\/\/verticalmusgo.proyectos-piano.es\/\"},{\"@type\":\"ListItem\",\"position\":2,\"name\":\"Aviso Legal\"}]},{\"@type\":\"WebSite\",\"@id\":\"https:\/\/verticalmusgo.proyectos-piano.es\/#website\",\"url\":\"https:\/\/verticalmusgo.proyectos-piano.es\/\",\"name\":\"Vertical &amp; Musgo\",\"description\":\"Interiorismo vegetal, jardines verticales, musgos y l\u00edquenes preservados, cuadros vegetales, decoraci\u00f3n y regalos.\",\"potentialAction\":[{\"@type\":\"SearchAction\",\"target\":{\"@type\":\"EntryPoint\",\"urlTemplate\":\"https:\/\/verticalmusgo.proyectos-piano.es\/?s={search_term_string}\"},\"query-input\":\"required name=search_term_string\"}],\"inLanguage\":\"es\"}]}<\/script>\n<!-- \/ Yoast SEO plugin. -->","yoast_head_json":{"title":"Aviso Legal - Vertical &amp; Musgo","robots":{"index":"noindex","follow":"follow","max-snippet":"max-snippet:-1","max-image-preview":"max-image-preview:large","max-video-preview":"max-video-preview:-1"},"og_locale":"es_ES","og_type":"article","og_title":"Aviso Legal - Vertical &amp; Musgo","og_description":"Aviso Legal El presente Aviso Legal regula el uso de la presente p\u00e1gina web, creada por DECORACESPED S.L. El hecho de acceder a este sitio web implica el conocimiento y aceptaci\u00f3n de los siguientes t\u00e9rminos y condiciones y atribuye la condici\u00f3n del usuario del portal y el acceso al mismo implica su aceptaci\u00f3n sin reservas. [&hellip;]","og_url":"https:\/\/verticalmusgo.proyectos-piano.es\/index.php\/aviso-legal\/","og_site_name":"Vertical &amp; Musgo","article_modified_time":"2023-11-02T11:06:42+00:00","twitter_card":"summary_large_image","twitter_misc":{"Tiempo de lectura":"9 minutos"},"schema":{"@context":"https:\/\/schema.org","@graph":[{"@type":"WebPage","@id":"https:\/\/verticalmusgo.proyectos-piano.es\/index.php\/aviso-legal\/","url":"https:\/\/verticalmusgo.proyectos-piano.es\/index.php\/aviso-legal\/","name":"Aviso Legal - Vertical &amp; Musgo","isPartOf":{"@id":"https:\/\/verticalmusgo.proyectos-piano.es\/#website"},"datePublished":"2023-11-02T10:14:35+00:00","dateModified":"2023-11-02T11:06:42+00:00","breadcrumb":{"@id":"https:\/\/verticalmusgo.proyectos-piano.es\/index.php\/aviso-legal\/#breadcrumb"},"inLanguage":"es","potentialAction":[{"@type":"ReadAction","target":["https:\/\/verticalmusgo.proyectos-piano.es\/index.php\/aviso-legal\/"]}]},{"@type":"BreadcrumbList","@id":"https:\/\/verticalmusgo.proyectos-piano.es\/index.php\/aviso-legal\/#breadcrumb","itemListElement":[{"@type":"ListItem","position":1,"name":"Portada","item":"https:\/\/verticalmusgo.proyectos-piano.es\/"},{"@type":"ListItem","position":2,"name":"Aviso Legal"}]},{"@type":"WebSite","@id":"https:\/\/verticalmusgo.proyectos-piano.es\/#website","url":"https:\/\/verticalmusgo.proyectos-piano.es\/","name":"Vertical &amp; Musgo","description":"Interiorismo vegetal, jardines verticales, musgos y l\u00edquenes preservados, cuadros vegetales, decoraci\u00f3n y regalos.","potentialAction":[{"@type":"SearchAction","target":{"@type":"EntryPoint","urlTemplate":"https:\/\/verticalmusgo.proyectos-piano.es\/?s={search_term_string}"},"query-input":"required name=search_term_string"}],"inLanguage":"es"}]}},"_links":{"self":[{"href":"https:\/\/verticalmusgo.proyectos-piano.es\/index.php\/wp-json\/wp\/v2\/pages\/397","targetHints":{"allow":["GET"]}}],"collection":[{"href":"https:\/\/verticalmusgo.proyectos-piano.es\/index.php\/wp-json\/wp\/v2\/pages"}],"about":[{"href":"https:\/\/verticalmusgo.proyectos-piano.es\/index.php\/wp-json\/wp\/v2\/types\/page"}],"author":[{"embeddable":true,"href":"https:\/\/verticalmusgo.proyectos-piano.es\/index.php\/wp-json\/wp\/v2\/users\/1"}],"replies":[{"embeddable":true,"href":"https:\/\/verticalmusgo.proyectos-piano.es\/index.php\/wp-json\/wp\/v2\/comments?post=397"}],"version-history":[{"count":7,"href":"https:\/\/verticalmusgo.proyectos-piano.es\/index.php\/wp-json\/wp\/v2\/pages\/397\/revisions"}],"predecessor-version":[{"id":666,"href":"https:\/\/verticalmusgo.proyectos-piano.es\/index.php\/wp-json\/wp\/v2\/pages\/397\/revisions\/666"}],"wp:attachment":[{"href":"https:\/\/verticalmusgo.proyectos-piano.es\/index.php\/wp-json\/wp\/v2\/media?parent=397"}],"curies":[{"name":"wp","href":"https:\/\/api.w.org\/{rel}","templated":true}]}}